{"id":156,"date":"2017-12-14T14:23:40","date_gmt":"2017-12-14T21:23:40","guid":{"rendered":"https:\/\/progelcanada.com\/?page_id=156"},"modified":"2018-05-18T11:02:59","modified_gmt":"2018-05-18T18:02:59","slug":"pro-gel","status":"publish","type":"page","link":"https:\/\/progelcanada.com\/fr\/","title":{"rendered":"PRO-GEL\u2122"},"content":{"rendered":"<p>Les compresses r\u00e9utilisables chaudes froides <a href=\"https:\/\/progelcanada.com\/\">PRO-GEL\u2122<\/a>\u00a0permettent de soulager efficacement les br\u00fblures, les entorses et les inflammations musculaires. Elles appaisent rapidement la douleur des crampes et de la fi\u00e8vre ainsi que des maux attribuables \u00e0 la tension et au surm\u00e9nage.<\/p>\n<p>Les compresses peuvent passer du cong\u00e9lateur au micro-ondes sans perdre leur efficacit\u00e9.<\/p>\n<p><strong>Maux de dos<\/strong><\/p>\n<p><strong>Tensions musculaires<\/strong><\/p>\n<p><strong>Maux de t\u00eate<\/strong><\/p>\n<p><strong>Entorses<\/strong><\/p>\n<p><strong>Bursites<\/strong><\/p>\n<p><strong>Tendinites<\/strong><\/p>\n<p><strong>Entorse lombaire<\/strong><\/p>\n<p><strong>Raideurs au cou<\/strong><\/p>\n<p><strong>Blessures Sportives<\/strong><\/p>\n<p><strong>Douleurs au coude<\/strong><\/p>\n<p><strong>Douleurs articulaires<\/strong><\/p>\n<p><strong>Douleurs entre les omoplates<\/strong><\/p>\n<h3>Recommand\u00e9 par les professionnels de la sant\u00e9<\/h3>\n<p><a href=\"https:\/\/progelcanada.com\/\">PRO-GEL\u2122<\/a>\u00a0est la compresse chaude froide la plus utilis\u00e9e au niveau professionnel par les physioth\u00e9rapeutes, chiroth\u00e9rapeutes et les sportifs de haut niveau au Qu\u00e9bec.<\/p>\n<p>\t\t\t<a href=\"https:\/\/progelcanada.com\/compresse-therapeutique\/\" target=\"_self\" role=\"button\"><br \/>\n\t\t\t\t\t\t\tD\u00e9couvrez les bienfaits<br \/>\n\t\t\t\t\t<\/a><\/p>\n","protected":false},"excerpt":{"rendered":"<p>Les compresses r\u00e9utilisables chaudes froides PRO-GEL\u2122\u00a0permettent de soulager efficacement les br\u00fblures, les entorses et les inflammations musculaires. Elles appaisent rapidement&hellip;<\/p>\n","protected":false},"author":1,"featured_media":0,"parent":0,"menu_order":0,"comment_status":"closed","ping_status":"closed","template":"","meta":{"_monsterinsights_skip_tracking":false,"_monsterinsights_sitenote_active":false,"_monsterinsights_sitenote_note":"","_monsterinsights_sitenote_category":0,"footnotes":""},"class_list":["post-156","page","type-page","status-publish","hentry"],"_links":{"self":[{"href":"https:\/\/progelcanada.com\/fr\/wp-json\/wp\/v2\/pages\/156","targetHints":{"allow":["GET"]}}],"collection":[{"href":"https:\/\/progelcanada.com\/fr\/wp-json\/wp\/v2\/pages"}],"about":[{"href":"https:\/\/progelcanada.com\/fr\/wp-json\/wp\/v2\/types\/page"}],"author":[{"embeddable":true,"href":"https:\/\/progelcanada.com\/fr\/wp-json\/wp\/v2\/users\/1"}],"replies":[{"embeddable":true,"href":"https:\/\/progelcanada.com\/fr\/wp-json\/wp\/v2\/comments?post=156"}],"version-history":[{"count":10,"href":"https:\/\/progelcanada.com\/fr\/wp-json\/wp\/v2\/pages\/156\/revisions"}],"predecessor-version":[{"id":420,"href":"https:\/\/progelcanada.com\/fr\/wp-json\/wp\/v2\/pages\/156\/revisions\/420"}],"wp:attachment":[{"href":"https:\/\/progelcanada.com\/fr\/wp-json\/wp\/v2\/media?parent=156"}],"curies":[{"name":"wp","href":"https:\/\/api.w.org\/{rel}","templated":true}]}}