{"id":19,"date":"2017-12-14T14:23:40","date_gmt":"2017-12-14T21:23:40","guid":{"rendered":"https:\/\/progelcanada.com\/?page_id=19"},"modified":"2022-12-11T05:53:21","modified_gmt":"2022-12-11T12:53:21","slug":"detaillants","status":"publish","type":"page","link":"https:\/\/progelcanada.com\/fr\/detaillants\/","title":{"rendered":"D\u00e9taillants"},"content":{"rendered":"\n\n\t<p><a href=\"https:\/\/progelcanada.com\/\">PRO-GEL\u2122<\/a> est disponible dans toutes les pharmacies Acc\u00e8s Pharma chez Walmart, au Qu\u00e9bec, et plus de 500 autres pharmacies.<\/p>\n\t\t\t\t<img loading=\"lazy\" decoding=\"async\" src=\"https:\/\/progelcanada.com\/wp-content\/uploads\/2018\/05\/Acc\u00e8s-Pharma-Logo-300x90.jpg\" alt=\"PRO-GEL TM Disponible \u00e0 Acc\u00e8s Pharma chez Walmart\" itemprop=\"image\" height=\"90\" width=\"300\" title=\"PRO-GEL TM Disponible \u00e0 Acc\u00e8s Pharma chez Walmart\" onerror=\"this.style.display='none'\"  \/>\n\t<p>Vous \u00eates un d\u00e9taillant et aimeriez devenir un distributeur autoris\u00e9 PRO-GEL? Demandez-nous comment vous procurer un pr\u00e9sentoir pour tablettes ou un pr\u00e9sentoir il\u00f4t.<\/p>\n\t\t\t\t<img loading=\"lazy\" decoding=\"async\" src=\"https:\/\/progelcanada.com\/wp-content\/uploads\/2022\/12\/PROG7-0-1-2022-03-03-scaled.jpg\" alt=\"PROG7-0-1-2022-03-03\" itemprop=\"image\" height=\"2273\" width=\"2560\" title=\"PROG7-0-1-2022-03-03\" onerror=\"this.style.display='none'\"  \/>\n\t\n<div class=\"wpcf7 no-js\" id=\"wpcf7-f408-o1\" lang=\"fr-FR\" dir=\"ltr\" data-wpcf7-id=\"408\">\n<div class=\"screen-reader-response\"><p role=\"status\" aria-live=\"polite\" aria-atomic=\"true\"><\/p> <ul><\/ul><\/div>\n<form action=\"\/fr\/wp-json\/wp\/v2\/pages\/19#wpcf7-f408-o1\" method=\"post\" class=\"wpcf7-form init\" aria-label=\"Formulaire de contact\" novalidate=\"novalidate\" data-status=\"init\">\n<fieldset class=\"hidden-fields-container\"><input type=\"hidden\" name=\"_wpcf7\" value=\"408\" \/><input type=\"hidden\" name=\"_wpcf7_version\" value=\"6.1.5\" \/><input type=\"hidden\" name=\"_wpcf7_locale\" value=\"fr_FR\" \/><input type=\"hidden\" name=\"_wpcf7_unit_tag\" value=\"wpcf7-f408-o1\" \/><input type=\"hidden\" name=\"_wpcf7_container_post\" value=\"0\" \/><input type=\"hidden\" name=\"_wpcf7_posted_data_hash\" value=\"\" \/>\n<\/fieldset>\n<p><label> Votre nom (requis)<br \/>\n<span class=\"wpcf7-form-control-wrap\" data-name=\"your-name\"><input size=\"40\" maxlength=\"400\" class=\"wpcf7-form-control wpcf7-text wpcf7-validates-as-required\" aria-required=\"true\" aria-invalid=\"false\" value=\"\" type=\"text\" name=\"your-name\" \/><\/span> <\/label>\n<\/p>\n<p><label> Courriel (requis)<br \/>\n<span class=\"wpcf7-form-control-wrap\" data-name=\"your-email\"><input size=\"40\" maxlength=\"400\" class=\"wpcf7-form-control wpcf7-email wpcf7-validates-as-required wpcf7-text wpcf7-validates-as-email\" aria-required=\"true\" aria-invalid=\"false\" value=\"\" type=\"email\" name=\"your-email\" \/><\/span> <\/label>\n<\/p>\n<p><label> Message (requis)<br \/>\n<span class=\"wpcf7-form-control-wrap\" data-name=\"your-message\"><textarea cols=\"40\" rows=\"10\" maxlength=\"2000\" class=\"wpcf7-form-control wpcf7-textarea\" aria-invalid=\"false\" name=\"your-message\"><\/textarea><\/span> <\/label>\n<\/p>\n<p><span class=\"wpcf7-form-control-wrap\" data-name=\"acceptance-81\"><span class=\"wpcf7-form-control wpcf7-acceptance optional\"><span class=\"wpcf7-list-item\"><label><input type=\"checkbox\" name=\"acceptance-81\" value=\"1\" aria-invalid=\"false\" \/><span class=\"wpcf7-list-item-label\">J'ai lu et j'accepte les termes et conditions de la <a href=\"https:\/\/progelcanada.com\/politique-de-confidentialite\/\"> Politique De Confidentialit\u00e9 <\/a><\/span><\/label><\/span><\/span><\/span>\n<\/p>\n<p><input class=\"wpcf7-form-control wpcf7-submit has-spinner\" type=\"submit\" value=\"Envoyer\" \/>\n<\/p><div class=\"wpcf7-response-output\" aria-hidden=\"true\"><\/div>\n<\/form>\n<\/div>\n\n\n","protected":false},"excerpt":{"rendered":"<p>PRO-GEL\u2122 est disponible dans toutes les pharmacies Acc\u00e8s Pharma chez Walmart, au Qu\u00e9bec, et plus de 500 autres pharmacies. Vous&hellip;<\/p>\n","protected":false},"author":1,"featured_media":0,"parent":0,"menu_order":0,"comment_status":"closed","ping_status":"closed","template":"","meta":{"_monsterinsights_skip_tracking":false,"_monsterinsights_sitenote_active":false,"_monsterinsights_sitenote_note":"","_monsterinsights_sitenote_category":0,"footnotes":""},"class_list":["post-19","page","type-page","status-publish","hentry"],"_links":{"self":[{"href":"https:\/\/progelcanada.com\/fr\/wp-json\/wp\/v2\/pages\/19","targetHints":{"allow":["GET"]}}],"collection":[{"href":"https:\/\/progelcanada.com\/fr\/wp-json\/wp\/v2\/pages"}],"about":[{"href":"https:\/\/progelcanada.com\/fr\/wp-json\/wp\/v2\/types\/page"}],"author":[{"embeddable":true,"href":"https:\/\/progelcanada.com\/fr\/wp-json\/wp\/v2\/users\/1"}],"replies":[{"embeddable":true,"href":"https:\/\/progelcanada.com\/fr\/wp-json\/wp\/v2\/comments?post=19"}],"version-history":[{"count":5,"href":"https:\/\/progelcanada.com\/fr\/wp-json\/wp\/v2\/pages\/19\/revisions"}],"predecessor-version":[{"id":514,"href":"https:\/\/progelcanada.com\/fr\/wp-json\/wp\/v2\/pages\/19\/revisions\/514"}],"wp:attachment":[{"href":"https:\/\/progelcanada.com\/fr\/wp-json\/wp\/v2\/media?parent=19"}],"curies":[{"name":"wp","href":"https:\/\/api.w.org\/{rel}","templated":true}]}}