{"id":2,"date":"2017-12-14T14:23:40","date_gmt":"2017-12-14T21:23:40","guid":{"rendered":"https:\/\/progelcanada.com\/?page_id=2"},"modified":"2022-12-11T05:51:32","modified_gmt":"2022-12-11T12:51:32","slug":"bienfaits","status":"publish","type":"page","link":"https:\/\/progelcanada.com\/fr\/bienfaits\/","title":{"rendered":"Bienfaits"},"content":{"rendered":"\n\n\t<h2>Caract\u00e9ristiques innovantes:<\/h2>\n<p><a href=\"http:\/\/www.progelcanada.com\/media\/progel_flyer_3volet-recto-verso_web.pdf\"><img loading=\"lazy\" decoding=\"async\" src=\"..\/wp-content\/uploads\/2017\/12\/Graphicloads-Filetype-Pdf.ico\" alt=\"T\u00e9l\u00e9charger Brochure PRO-GEL\" width=\"1\" height=\"1\" \/><\/a><a href=\"..\/wp-content\/uploads\/2017\/12\/Graphicloads-Filetype-Pdf.ico\"><img loading=\"lazy\" decoding=\"async\" src=\"..\/wp-content\/uploads\/2017\/12\/Graphicloads-Filetype-Pdf.ico\" alt=\"T\u00e9l\u00e9charger Brochure PRO-GEL\" width=\"1\" height=\"1\" \/><\/a><\/p>\n<p><a href=\"http:\/\/www.progelcanada.com\/ProGelCanada\/PRO-GEL TM Compresse therapeutique brochure.pdf\">T\u00e9l\u00e9charger brochure<\/a><\/p>\n\t<p><a href=\"..\/\">PRO-GEL\u2122<\/a>\u00a0est la compresse th\u00e9rapeutique de qualit\u00e9 sup\u00e9rieure <strong>fabriqu\u00e9e au Qu\u00e9bec<\/strong> et con\u00e7ue par des professionnels de la sant\u00e9.<\/p>\n<p><a href=\"..\/\">PRO-GEL\u2122<\/a> est la compresse chaude froide la plus utilis\u00e9e au niveau professionnel par les physioth\u00e9rapeutes, les chiroth\u00e9rapeutes et les sportifs de haut niveau au Qu\u00e9bec.<\/p>\n<p><strong>Plus grande surface d&rsquo;application.<\/strong><\/p>\n<p><strong>Plus grande flexibilit\u00e9.<\/strong><\/p>\n<p><strong>Dur\u00e9e prolong\u00e9e.<\/strong><\/p>\n\t\t\t\t<img decoding=\"async\" src=\"https:\/\/progelcanada.com\/wp-content\/plugins\/beaver-builder-lite-version\/img\/pixel.png\" alt=\"\" itemprop=\"image\" onerror=\"this.style.display='none'\"  \/>\n\t\t\t\t\t\t\t\t<h3 style=\"margin-bottom:20px ;display:block;width:100%;margin-top:10px\">La thermoth\u00e9rapie <\/h3>\r\n\t\t\t\t\t\t\t\t<style>\r\n\t\t\t\t\r\n\t\t\t\t\t#tab_container_369 {\r\n\toverflow:hidden;\r\n\tdisplay:block;\r\n\twidth:100%;\r\n\tborder:0px solid #ddd;\r\n\tmargin-bottom:30px;\r\n\t}\r\n\r\n#tab_container_369 .tab-content{\r\n\tpadding:20px;\r\n\tborder: 1px solid 000000 !important;\r\n\tmargin-top: 0px;\r\n\tbackground-color: !important;\r\n\tcolor:  !important;\r\n\tfont-size:16px !important;\r\n\tfont-family: Arial !important;\r\n\t\r\n\t\tborder: 1px solid 000000 !important;\r\n\t}\r\n#tab_container_369 .wpsm_nav-tabs {\r\n    border-bottom: 0px solid #ddd;\r\n}\r\n#tab_container_369 .wpsm_nav-tabs > li.active > a, #tab_container_369 .wpsm_nav-tabs > li.active > a:hover, #tab_container_369 .wpsm_nav-tabs > li.active > a:focus {\r\n\tcolor: #ffffff !important;\r\n\tcursor: default;\r\n\tbackground-color: #dd3333 !important;\r\n\tborder: 1px solid #c41a1a !important;\r\n}\r\n\r\n#tab_container_369 .wpsm_nav-tabs > li > a {\r\n    margin-right: 0px !important; \r\n    line-height: 1.42857143 !important;\r\n    border: 1px solid #ececec !important;\r\n    border-radius: 0px 0px 0 0 !important; \r\n\tbackground-color: #ffffff !important;\r\n\tcolor:  !important;\r\n\tpadding: 15px 18px 15px 18px !important;\r\n\ttext-decoration: none !important;\r\n\tfont-size: 16px !important;\r\n\ttext-align:center !important;\r\n\tfont-family: Arial !important;\r\n}\r\n#tab_container_369 .wpsm_nav-tabs > li > a:focus {\r\noutline: 0px !important;\r\n}\r\n\r\n#tab_container_369 .wpsm_nav-tabs > li > a:before {\r\n\tdisplay:none !important;\r\n}\r\n#tab_container_369 .wpsm_nav-tabs > li > a:after {\r\n\tdisplay:none !important ;\r\n}\r\n#tab_container_369 .wpsm_nav-tabs > li{\r\npadding:0px !important ;\r\nmargin:0px;\r\n}\r\n\r\n#tab_container_369 .wpsm_nav-tabs > li > a:hover , #tab_container_369 .wpsm_nav-tabs > li > a:focus {\r\n    color:  !important;\r\n    background-color: #ffffff !important;\r\n\tborder: 1px solid #ececec !important;\r\n\t\r\n}\r\n#tab_container_369 .wpsm_nav-tabs > li > a .fa{\r\n\r\nmargin-right:5px !important;\r\n\r\nmargin-left:5px !important;\r\n\r\n\r\n}\r\n\r\n\t\t#tab_container_369 .wpsm_nav-tabs a{\r\n\t\t\tbackground-image: none;\r\n\t\t\tbackground-position: 0 0;\r\n\t\t\tbackground-repeat: repeat-x;\r\n\t\t}\r\n\t\t\t\r\n\r\n\r\n#tab_container_369 .wpsm_nav-tabs > li {\r\n    float: left;\r\n    margin-bottom: -1px !important;\r\n\tmargin-right:0px !important; \r\n}\r\n\r\n\r\n#tab_container_369 .tab-content{\r\noverflow:hidden !important;\r\n}\r\n\r\n\r\n@media (min-width: 769px) {\r\n\r\n\t#tab_container_369 .wpsm_nav-tabs > li{\r\n\t\tfloat:left !important ;\r\n\t\t\t\tmargin-right:-1px !important;\r\n\t\t\t\t\t}\r\n\t#tab_container_369 .wpsm_nav-tabs{\r\n\t\tfloat:none !important;\r\n\t\tmargin:0px !important;\r\n\t}\r\n\r\n\t#tab_container_369 .wpsm_nav-tabs > li {\r\n\t\t\t\t\r\n\t}\r\n\t#tab_container_369 .wpsm_nav{\r\n\t\t\t}\r\n\r\n}\r\n\r\n\r\n\r\n@media (max-width: 768px) {\r\n\t#tab_container_369 .wpsm_nav-tabs > li {\r\n\t\t\t\t\r\n\t}\r\n\t#tab_container_369 .wpsm_nav{\r\n\t\t\t}\r\n}\r\n\r\n\r\n\t.wpsm_nav-tabs li:before{\r\n\t\tdisplay:none !important;\r\n\t}\r\n\r\n\t@media (max-width: 768px) {\r\n\t\t\t\t\r\n\t\t\t\t.wpsm_nav-tabs{\r\n\t\t\tmargin-left:0px !important;\r\n\t\t\tmargin-right:0px !important; \r\n\t\t\t\r\n\t\t}\r\n\t\t\t\t#tab_container_369 .wpsm_nav-tabs > li{\r\n\t\t\tfloat:none !important;\r\n\t\t}\r\n\t\t\t\r\n\t}\t\t\t\t<\/style>\r\n\t\t\t\t<div id=\"tab_container_369\" >\r\n\t \r\n\t\t\t\t\t<ul class=\"wpsm_nav wpsm_nav-tabs\" role=\"tablist\" id=\"myTab_369\">\r\n\t\t\t\t\t\t\t\r\n\t\t\t\t\t\t\t<li role=\"presentation\"  class=\"active\"  onclick=\"do_resize()\">\r\n\t\t\t\t\t\t\t\t<a href=\"#tabs_desc_369_1\" aria-controls=\"tabs_desc_369_1\" role=\"tab\" data-toggle=\"tab\">\r\n\t\t\t\t\t\t\t\t\t\r\n\t\t\t\t\t\t\t\t\t\t\t\t\t\t\t\t\t\t\t\t\t\t\t\t\t\t\t\t\t\t\t\t\t\t\t\t\t\t\t\t\t\t\t\t\t\t\t\t\t\r\n\t\t\t\t\t\t\t\t\t\t\t\t\t\t\t\t\t\t\r\n\t\t\t\t\t\t\t\t\t<span>La thermoth\u00e9rapie<\/span>\r\n\t\t\t\t\t\t\t\t\t\r\n\t\t\t\t\t\t\t\t\t\t\t\t\t\t\t\t\t\t\r\n\t\t\t\t\t\t\t\t\t\t\t\t\t\t\t\t\t\t\t\t\r\n\t\t\t\t\t\t\t\t\t\r\n\t\t\t\t\t\t\t\t<\/a>\r\n\t\t\t\t\t\t\t<\/li>\r\n\t\t\t\t\t\t\t\r\n\t\t\t\t\t\t\t<li role=\"presentation\"  onclick=\"do_resize()\">\r\n\t\t\t\t\t\t\t\t<a href=\"#tabs_desc_369_2\" aria-controls=\"tabs_desc_369_2\" role=\"tab\" data-toggle=\"tab\">\r\n\t\t\t\t\t\t\t\t\t\r\n\t\t\t\t\t\t\t\t\t\t\t\t\t\t\t\t\t\t\t\t\t\t\t\t\t\t\t\t\t\t\t\t\t\t\t\t\t\t\t\t\t\t\t\t\t\t\t\t\t\r\n\t\t\t\t\t\t\t\t\t\t\t\t\t\t\t\t\t\t\r\n\t\t\t\t\t\t\t\t\t<span>Mode d&#039;emploi: Traitement par le chaud<\/span>\r\n\t\t\t\t\t\t\t\t\t\r\n\t\t\t\t\t\t\t\t\t\t\t\t\t\t\t\t\t\t\r\n\t\t\t\t\t\t\t\t\t\t\t\t\t\t\t\t\t\t\t\t\r\n\t\t\t\t\t\t\t\t\t\r\n\t\t\t\t\t\t\t\t<\/a>\r\n\t\t\t\t\t\t\t<\/li>\r\n\t\t\t\t\t\t\t\t\t\t\t <\/ul>\r\n\r\n\t\t\t\t\t  <!-- Tab panes -->\r\n\t\t\t\t\t  <div class=\"tab-content\" id=\"tab-content_369\">\r\n\t\t\t\t\t\t\t\t\t\t\t\t <div role=\"tabpanel\" class=\"tab-pane  in active \" id=\"tabs_desc_369_1\">\r\n\t\t\t\t\t\t\t\tLors d'un traumatisme, au niveau des tissus mous, opter pour l'application du froid de pr\u00e9f\u00e9rence la chaleur.\r\n\r\nPour aider \u00e0 r\u00e9cup\u00e9rer apr\u00e8s une blessure, l'application de la chaleur doit \u00eatre utilis\u00e9e seulement lorsqu'il n'y a plus d'enflure. La chaleur stimule la circulation sanguine, permettant ainsi une meilleure r\u00e9g\u00e9n\u00e9ration des tissus endommag\u00e9s. la chaleur assouplit les tissus et diminue les sensations de raideurs.\t\t\t\t\t\t <\/div>\r\n\t\t\t\t\t\t\t\t\t\t\t\t <div role=\"tabpanel\" class=\"tab-pane \" id=\"tabs_desc_369_2\">\r\n\t\t\t\t\t\t\t\tPlacer la compresse th\u00e9rapeutique dans votre micro-ondes, v\u00e9rifier toutes les 20 secondes jusqu'\u00e0 ce que la temp\u00e9rature d\u00e9sir\u00e9e soit atteinte.\r\nEnvelopper la compresse th\u00e9rapeutique dans une serviette, v\u00e9rifier si la temp\u00e9rature de la compresse est confortable et appliquer sur la r\u00e9gion \u00e0 traiter.\r\nApr\u00e8s usage, laisser refroidir la compresse th\u00e9rapeutique et utiliser selon le besoin.\t\t\t\t\t\t <\/div>\r\n\t\t\t\t\t\t\t\r\n\t\t\t\t\t <\/div>\r\n\t\t\t\t\t \r\n\t\t\t\t <\/div>\r\n <script>\r\n\t\tjQuery(function () {\r\n\t\t\tjQuery('#myTab_369 a:first').tab('show')\r\n\t\t});\r\n\t\t\r\n\t\t\t\tjQuery(function(){\r\n\t\t\tvar b=\"fadeIn\";\r\n\t\t\tvar c;\r\n\t\t\tvar a;\r\n\t\t\td(jQuery(\"#myTab_369 a\"),jQuery(\"#tab-content_369\"));function d(e,f,g){\r\n\t\t\t\te.click(function(i){\r\n\t\t\t\t\ti.preventDefault();\r\n\t\t\t\t\tjQuery(this).tab(\"show\");\r\n\t\t\t\t\tvar h=jQuery(this).data(\"easein\");\r\n\t\t\t\t\tif(c){c.removeClass(a);}\r\n\t\t\t\t\tif(h){f.find(\"div.active\").addClass(\"animated \"+h);a=h;}\r\n\t\t\t\t\telse{if(g){f.find(\"div.active\").addClass(\"animated \"+g);a=g;}else{f.find(\"div.active\").addClass(\"animated \"+b);a=b;}}c=f.find(\"div.active\");\r\n\t\t\t\t});\r\n\t\t\t}\r\n\t\t});\r\n\t\t\r\n\r\n\t\tfunction do_resize(){\r\n\r\n\t\t\tvar width=jQuery( '.tab-content .tab-pane iframe' ).width();\r\n\t\t\tvar height=jQuery( '.tab-content .tab-pane iframe' ).height();\r\n\r\n\t\t\tvar toggleSize = true;\r\n\t\t\tjQuery('iframe').animate({\r\n\t\t\t    width: toggleSize ? width : 640,\r\n\t\t\t    height: toggleSize ? height : 360\r\n\t\t\t  }, 250);\r\n\r\n\t\t\t  toggleSize = !toggleSize;\r\n\t\t}\r\n\r\n\r\n\t<\/script>\r\n\t\t\t\t\r\n\t\t\t\n\t\t\t\t\t\t\t\t<h3 style=\"margin-bottom:20px ;display:block;width:100%;margin-top:10px\">La cryoth\u00e9rapie <\/h3>\r\n\t\t\t\t\t\t\t\t<style>\r\n\t\t\t\t\r\n\t\t\t\t\t#tab_container_367 {\r\n\toverflow:hidden;\r\n\tdisplay:block;\r\n\twidth:100%;\r\n\tborder:0px solid #ddd;\r\n\tmargin-bottom:30px;\r\n\t}\r\n\r\n#tab_container_367 .tab-content{\r\n\tpadding:20px;\r\n\tborder: 1px solid 000000 !important;\r\n\tmargin-top: 0px;\r\n\tbackground-color: !important;\r\n\tcolor:  !important;\r\n\tfont-size:16px !important;\r\n\tfont-family: Arial !important;\r\n\t\r\n\t\tborder: 1px solid 000000 !important;\r\n\t}\r\n#tab_container_367 .wpsm_nav-tabs {\r\n    border-bottom: 0px solid #ddd;\r\n}\r\n#tab_container_367 .wpsm_nav-tabs > li.active > a, #tab_container_367 .wpsm_nav-tabs > li.active > a:hover, #tab_container_367 .wpsm_nav-tabs > li.active > a:focus {\r\n\tcolor: #ffffff !important;\r\n\tcursor: default;\r\n\tbackground-color: #dd3333 !important;\r\n\tborder: 1px solid #c41a1a !important;\r\n}\r\n\r\n#tab_container_367 .wpsm_nav-tabs > li > a {\r\n    margin-right: 0px !important; \r\n    line-height: 1.42857143 !important;\r\n    border: 1px solid #ececec !important;\r\n    border-radius: 0px 0px 0 0 !important; \r\n\tbackground-color: #ffffff !important;\r\n\tcolor: #dd3333 !important;\r\n\tpadding: 15px 18px 15px 18px !important;\r\n\ttext-decoration: none !important;\r\n\tfont-size: 16px !important;\r\n\ttext-align:center !important;\r\n\tfont-family: Arial !important;\r\n}\r\n#tab_container_367 .wpsm_nav-tabs > li > a:focus {\r\noutline: 0px !important;\r\n}\r\n\r\n#tab_container_367 .wpsm_nav-tabs > li > a:before {\r\n\tdisplay:none !important;\r\n}\r\n#tab_container_367 .wpsm_nav-tabs > li > a:after {\r\n\tdisplay:none !important ;\r\n}\r\n#tab_container_367 .wpsm_nav-tabs > li{\r\npadding:0px !important ;\r\nmargin:0px;\r\n}\r\n\r\n#tab_container_367 .wpsm_nav-tabs > li > a:hover , #tab_container_367 .wpsm_nav-tabs > li > a:focus {\r\n    color: #dd3333 !important;\r\n    background-color: #ffffff !important;\r\n\tborder: 1px solid #ececec !important;\r\n\t\r\n}\r\n#tab_container_367 .wpsm_nav-tabs > li > a .fa{\r\n\r\nmargin-right:5px !important;\r\n\r\nmargin-left:5px !important;\r\n\r\n\r\n}\r\n\r\n\t\t#tab_container_367 .wpsm_nav-tabs a{\r\n\t\t\tbackground-image: none;\r\n\t\t\tbackground-position: 0 0;\r\n\t\t\tbackground-repeat: repeat-x;\r\n\t\t}\r\n\t\t\t\r\n\r\n\r\n#tab_container_367 .wpsm_nav-tabs > li {\r\n    float: left;\r\n    margin-bottom: -1px !important;\r\n\tmargin-right:0px !important; \r\n}\r\n\r\n\r\n#tab_container_367 .tab-content{\r\noverflow:hidden !important;\r\n}\r\n\r\n\r\n@media (min-width: 769px) {\r\n\r\n\t#tab_container_367 .wpsm_nav-tabs > li{\r\n\t\tfloat:left !important ;\r\n\t\t\t\tmargin-right:-1px !important;\r\n\t\t\t\t\t}\r\n\t#tab_container_367 .wpsm_nav-tabs{\r\n\t\tfloat:none !important;\r\n\t\tmargin:0px !important;\r\n\t}\r\n\r\n\t#tab_container_367 .wpsm_nav-tabs > li {\r\n\t\t\t\t\r\n\t}\r\n\t#tab_container_367 .wpsm_nav{\r\n\t\t\t}\r\n\r\n}\r\n\r\n\r\n\r\n@media (max-width: 768px) {\r\n\t#tab_container_367 .wpsm_nav-tabs > li {\r\n\t\t\t\t\r\n\t}\r\n\t#tab_container_367 .wpsm_nav{\r\n\t\t\t}\r\n}\r\n\r\n\r\n\t.wpsm_nav-tabs li:before{\r\n\t\tdisplay:none !important;\r\n\t}\r\n\r\n\t@media (max-width: 768px) {\r\n\t\t\t\t\r\n\t\t\t\t.wpsm_nav-tabs{\r\n\t\t\tmargin-left:0px !important;\r\n\t\t\tmargin-right:0px !important; \r\n\t\t\t\r\n\t\t}\r\n\t\t\t\t#tab_container_367 .wpsm_nav-tabs > li{\r\n\t\t\tfloat:none !important;\r\n\t\t}\r\n\t\t\t\r\n\t}\t\t\t\t<\/style>\r\n\t\t\t\t<div id=\"tab_container_367\" >\r\n\t \r\n\t\t\t\t\t<ul class=\"wpsm_nav wpsm_nav-tabs\" role=\"tablist\" id=\"myTab_367\">\r\n\t\t\t\t\t\t\t\r\n\t\t\t\t\t\t\t<li role=\"presentation\"  class=\"active\"  onclick=\"do_resize()\">\r\n\t\t\t\t\t\t\t\t<a href=\"#tabs_desc_367_1\" aria-controls=\"tabs_desc_367_1\" role=\"tab\" data-toggle=\"tab\">\r\n\t\t\t\t\t\t\t\t\t\r\n\t\t\t\t\t\t\t\t\t\t\t\t\t\t\t\t\t\t\t\t\t\t\t\t\t\t\t\t\t\t\t\t\t\t\t\t\t\t\t\t\t\t\t\t\t\t\t\t\t\r\n\t\t\t\t\t\t\t\t\t\t\t\t\t\t\t\t\t\t\r\n\t\t\t\t\t\t\t\t\t<span>La cryoth\u00e9rapie<\/span>\r\n\t\t\t\t\t\t\t\t\t\r\n\t\t\t\t\t\t\t\t\t\t\t\t\t\t\t\t\t\t\r\n\t\t\t\t\t\t\t\t\t\t\t\t\t\t\t\t\t\t\t\t\r\n\t\t\t\t\t\t\t\t\t\r\n\t\t\t\t\t\t\t\t<\/a>\r\n\t\t\t\t\t\t\t<\/li>\r\n\t\t\t\t\t\t\t\r\n\t\t\t\t\t\t\t<li role=\"presentation\"  onclick=\"do_resize()\">\r\n\t\t\t\t\t\t\t\t<a href=\"#tabs_desc_367_2\" aria-controls=\"tabs_desc_367_2\" role=\"tab\" data-toggle=\"tab\">\r\n\t\t\t\t\t\t\t\t\t\r\n\t\t\t\t\t\t\t\t\t\t\t\t\t\t\t\t\t\t\t\t\t\t\t\t\t\t\t\t\t\t\t\t\t\t\t\t\t\t\t\t\t\t\t\t\t\t\t\t\t\r\n\t\t\t\t\t\t\t\t\t\t\t\t\t\t\t\t\t\t\r\n\t\t\t\t\t\t\t\t\t<span>Mode d&#039;emploi: Traitement par le froid<\/span>\r\n\t\t\t\t\t\t\t\t\t\r\n\t\t\t\t\t\t\t\t\t\t\t\t\t\t\t\t\t\t\r\n\t\t\t\t\t\t\t\t\t\t\t\t\t\t\t\t\t\t\t\t\r\n\t\t\t\t\t\t\t\t\t\r\n\t\t\t\t\t\t\t\t<\/a>\r\n\t\t\t\t\t\t\t<\/li>\r\n\t\t\t\t\t\t\t\t\t\t\t <\/ul>\r\n\r\n\t\t\t\t\t  <!-- Tab panes -->\r\n\t\t\t\t\t  <div class=\"tab-content\" id=\"tab-content_367\">\r\n\t\t\t\t\t\t\t\t\t\t\t\t <div role=\"tabpanel\" class=\"tab-pane  in active \" id=\"tabs_desc_367_1\">\r\n\t\t\t\t\t\t\t\tL'application du froid est un m\u00e9dicament accept\u00e9 comme th\u00e9rapie de premiers soins dans les 48 heures suivant une blessure.\r\n\r\nLe froid joue un r\u00f4le important pour combattre l'inflammation, diminuer la douleur et les spasmes musculaires et ainsi pr\u00e9venir l'oed\u00e8me et la formation d'h\u00e9matomes. Cela aura pour effet d'acc\u00e9l\u00e9rer et de faciliter la gu\u00e9rison.\t\t\t\t\t\t <\/div>\r\n\t\t\t\t\t\t\t\t\t\t\t\t <div role=\"tabpanel\" class=\"tab-pane \" id=\"tabs_desc_367_2\">\r\n\t\t\t\t\t\t\t\tPlacer la compresse th\u00e9rapeutique au cong\u00e9lateur pendant au moins 2 heures. La compresse demeure souple m\u00eame apr\u00e8s cong\u00e9lation et se moule \u00e0 la forme du corps.\r\nEnvelopper la compresse th\u00e9rapeutique dans une serviette, v\u00e9rifier si la temp\u00e9rature de la compresse est confortable et appliquer sur la r\u00e9gio \u00e0 traiter.\r\nGarder la compresse th\u00e9rapeutique sur la r\u00e9gion \u00e0 traiter pour une dur\u00e9e de 10 \u00e0 12 minutes maximum.\r\nEnlever la compresse th\u00e9rapeutique et attendre au moins 2 heures avant de r\u00e9p\u00e9ter le traitement.\r\nApr\u00e8s usage, remettre la compresse th\u00e9rapeutique au cong\u00e9lateur et utiliser selon le besoin.\t\t\t\t\t\t <\/div>\r\n\t\t\t\t\t\t\t\r\n\t\t\t\t\t <\/div>\r\n\t\t\t\t\t \r\n\t\t\t\t <\/div>\r\n <script>\r\n\t\tjQuery(function () {\r\n\t\t\tjQuery('#myTab_367 a:first').tab('show')\r\n\t\t});\r\n\t\t\r\n\t\t\t\tjQuery(function(){\r\n\t\t\tvar b=\"fadeIn\";\r\n\t\t\tvar c;\r\n\t\t\tvar a;\r\n\t\t\td(jQuery(\"#myTab_367 a\"),jQuery(\"#tab-content_367\"));function d(e,f,g){\r\n\t\t\t\te.click(function(i){\r\n\t\t\t\t\ti.preventDefault();\r\n\t\t\t\t\tjQuery(this).tab(\"show\");\r\n\t\t\t\t\tvar h=jQuery(this).data(\"easein\");\r\n\t\t\t\t\tif(c){c.removeClass(a);}\r\n\t\t\t\t\tif(h){f.find(\"div.active\").addClass(\"animated \"+h);a=h;}\r\n\t\t\t\t\telse{if(g){f.find(\"div.active\").addClass(\"animated \"+g);a=g;}else{f.find(\"div.active\").addClass(\"animated \"+b);a=b;}}c=f.find(\"div.active\");\r\n\t\t\t\t});\r\n\t\t\t}\r\n\t\t});\r\n\t\t\r\n\r\n\t\tfunction do_resize(){\r\n\r\n\t\t\tvar width=jQuery( '.tab-content .tab-pane iframe' ).width();\r\n\t\t\tvar height=jQuery( '.tab-content .tab-pane iframe' ).height();\r\n\r\n\t\t\tvar toggleSize = true;\r\n\t\t\tjQuery('iframe').animate({\r\n\t\t\t    width: toggleSize ? width : 640,\r\n\t\t\t    height: toggleSize ? height : 360\r\n\t\t\t  }, 250);\r\n\r\n\t\t\t  toggleSize = !toggleSize;\r\n\t\t}\r\n\r\n\r\n\t<\/script>\r\n\t\t\t\t\r\n\t\t\t\n\n\t<p>Selon la CACDS, les compresses chaudes froides sont les troisi\u00e8mes produits OTC ayant la plus forte croissance au Canada apr\u00e8s les sirops et les m\u00e9dicaments contre le rhume. (+17% en 2006, +23% 2007). (CACDS review 2006 et CACDS review 2007)<\/p>\n\t<p><strong>Mises en garde:<\/strong><\/p>\n<p><strong>Utiliser seulement selon le mode d&#8217;emploi.\u00a0<\/strong>Surveiller la compresse th\u00e9rapeutique pendant qu&rsquo;elle r\u00e9chauffe, si elle commence \u00e0 prendre de l&rsquo;expansion, arr\u00eater le four \u00e0 micro-onde. Ne jamais appliquer la compresse th\u00e9rapeutique directement sur la peu afin d&rsquo;\u00e9viter une br\u00fblure ou une engelure. Les personnes souffrant de probl\u00e8mes circulatoires, de diab\u00e8te, de l\u00e9sion nerveuse ou de paralysie doivent consulter un m\u00e9decin avant d&rsquo;utiliser la compresse th\u00e9rapeutique. Ne jamais utiliser la compresse th\u00e9rapeutique qu&rsquo;elle soit chaude ou froide avec des cr\u00e8mes, baumes ou lotions analg\u00e9siques. Durant le traitement, v\u00e9rifier la peau, sous la compresse \u00e0 des intervalles de 2 minutes, si vous constatez une rougeur, une d\u00e9coloration de la peau ou un inconfort, cessez le traitement imm\u00e9diatement. Me pas s&rsquo;\u00e9tendre sur la compresse th\u00e9rapeutique, la pression ainsi excerc\u00e9e pourrait la perforer. Ne pas passer directement du cong\u00e9lateur au micro-ondes et vice-versa, il faut que la compresse revienne \u00e0 la temp\u00e9rature de la pi\u00e8ce. Pour usage externe seulement, ne pas ing\u00e9rer et tenir hors la port\u00e9e des enfants. Jeter la compresse si elle est perfor\u00e9e ou d\u00e9chir\u00e9e.<\/p>\n\t\t<h3>Points de vente<\/h3>\n\t\t<p>Les compresses th\u00e9rapeutiques <a href=\"http:\/\/www.progelcanada.com\">PRO-GEL\u2122<\/a> sont en vente \u00e0 travers le Qu\u00e9bec, Nouveau-Brunswick et en Ontario. Trouvez un point de vente pr\u00e8s de chez vous!<\/p>\n\t\t\t<a href=\"https:\/\/progelcanada.com\/contact\/\" target=\"_self\" role=\"button\" rel=\"noopener\">\n\t\t\t\t\t\t\tO\u00f9 acheter?\n\t\t\t\t\t<\/a>\n\n","protected":false},"excerpt":{"rendered":"","protected":false},"author":1,"featured_media":0,"parent":0,"menu_order":0,"comment_status":"closed","ping_status":"closed","template":"","meta":{"_monsterinsights_skip_tracking":false,"_monsterinsights_sitenote_active":false,"_monsterinsights_sitenote_note":"","_monsterinsights_sitenote_category":0,"footnotes":""},"class_list":["post-2","page","type-page","status-publish","hentry"],"_links":{"self":[{"href":"https:\/\/progelcanada.com\/fr\/wp-json\/wp\/v2\/pages\/2","targetHints":{"allow":["GET"]}}],"collection":[{"href":"https:\/\/progelcanada.com\/fr\/wp-json\/wp\/v2\/pages"}],"about":[{"href":"https:\/\/progelcanada.com\/fr\/wp-json\/wp\/v2\/types\/page"}],"author":[{"embeddable":true,"href":"https:\/\/progelcanada.com\/fr\/wp-json\/wp\/v2\/users\/1"}],"replies":[{"embeddable":true,"href":"https:\/\/progelcanada.com\/fr\/wp-json\/wp\/v2\/comments?post=2"}],"version-history":[{"count":5,"href":"https:\/\/progelcanada.com\/fr\/wp-json\/wp\/v2\/pages\/2\/revisions"}],"predecessor-version":[{"id":513,"href":"https:\/\/progelcanada.com\/fr\/wp-json\/wp\/v2\/pages\/2\/revisions\/513"}],"wp:attachment":[{"href":"https:\/\/progelcanada.com\/fr\/wp-json\/wp\/v2\/media?parent=2"}],"curies":[{"name":"wp","href":"https:\/\/api.w.org\/{rel}","templated":true}]}}