{"id":518,"date":"2023-10-18T10:35:51","date_gmt":"2023-10-18T17:35:51","guid":{"rendered":"https:\/\/progelcanada.com\/?page_id=518"},"modified":"2023-10-18T10:37:44","modified_gmt":"2023-10-18T17:37:44","slug":"politique-de-confidentialite","status":"publish","type":"page","link":"https:\/\/progelcanada.com\/fr\/politique-de-confidentialite\/","title":{"rendered":"Politique de Confidentialit\u00e9"},"content":{"rendered":"\n\n\t<h1>Politique de la vie priv\u00e9e<\/h1>\nDerni\u00e8re mise \u00e0 jour le 18-Oct-2023 <br \/>\n<br \/>Date d&rsquo;entr\u00e9e en vigueur 18-Oct-2023 <br \/>\n\n\n     Cette politique de confidentialit\u00e9 d\u00e9crit les politiques de Josiane Perras, courriel : info@progelcanada.com, t\u00e9l\u00e9phone : 514 373-6269 sur la collecte, l&rsquo;utilisation et la divulgation des informations que nous recueillons lorsque vous utilisez notre site Web ( https:\/\/progelcanada.com ). (le \u00ab\u00a0Service\u00a0\u00bb). En acc\u00e9dant au service ou en l&rsquo;utilisant, vous consentez \u00e0 la collecte, \u00e0 l&rsquo;utilisation et \u00e0 la divulgation de vos informations conform\u00e9ment \u00e0 la pr\u00e9sente politique de confidentialit\u00e9. Si vous n&rsquo;y consentez pas, veuillez ne pas acc\u00e9der au service ni l&rsquo;utiliser.\n\n\n    Nous pouvons modifier la pr\u00e9sente politique de confidentialit\u00e9 \u00e0 tout moment sans vous en informer au pr\u00e9alable et nous publierons la politique de confidentialit\u00e9 r\u00e9vis\u00e9e sur le service. La politique r\u00e9vis\u00e9e entrera en vigueur 180 jours apr\u00e8s sa publication dans le service et votre acc\u00e8s ou utilisation continue du service apr\u00e8s cette date constituera votre acceptation de la politique de confidentialit\u00e9 r\u00e9vis\u00e9e. Nous vous recommandons donc de consulter r\u00e9guli\u00e8rement cette page.\n\n<ol>\n<li>\n<h2>\n             Informations collect\u00e9es :<br \/>\n        <\/h2>\n\n             Nous collecterons et traiterons les informations personnelles suivantes vous concernant:\n        \n<ol>\n<li>Nom<\/li>\n<li>Courriel<\/li>\n<li>T\u00e9l\u00e9phone<\/li>\n<li>Informations de paiement<\/li>\n<\/ol>\n<\/li>\n\n<li>\n<h2>\n             Comment nous recueillons vos informations :<br \/>\n        <\/h2>\n\n            Nous collectons\/recevons des informations vous concernant de la mani\u00e8re suivante:\n        \n<ol>\n<li>Lorsqu&rsquo;un utilisateur remplit le formulaire d&rsquo;inscription ou soumet d&rsquo;une autre mani\u00e8re des informations personnellesn<\/li>\n<li>Interagit avec le site web<\/li>\n<li>\u00e0 partir de sources publiques.<\/li>\n<\/ol>\n<\/li>\n\n<li>\n<h2>\n             Comment nous utilisons vos informations :<br \/>\n        <\/h2>\n\n            Nous utiliserons les informations que nous recueillons \u00e0 votre sujet aux fins suivantes :\n        \n<ol>\n<li>Marketing\/ Promotion<\/li>\n<li>Cr\u00e9ation d&rsquo;un compte utilisateur<\/li>\n<li>Traitement des r\u00e9servations<\/li>\n<li>Assistance<\/li>\n<li>Informations administratives<\/li>\n<\/ol>\n\n\n            Si nous voulons utiliser vos informations \u00e0 d&rsquo;autres fins, nous vous demanderons votre consentement et n&rsquo;utiliserons vos informations qu&rsquo;apr\u00e8s avoir re\u00e7u votre consentement et uniquement aux fins pour lesquelles vous avez donn\u00e9 votre consentement, \u00e0 moins que la loi ne nous oblige \u00e0 faire autrement.\n        \n<\/li>\n<li>\n<h2>\n            Comment nous partageons vos informations :<br \/>\n        <\/h2>\n\n            Nous ne transf\u00e9rerons pas vos informations personnelles \u00e0 des tiers sans votre consentement, sauf dans les circonstances limit\u00e9es d\u00e9crites ci-dessous :\n        \n<ol>\n<li>Analyse<\/li>\n<\/ol>\n\n           Nous exigeons de ces tiers qu&rsquo;ils utilisent les informations personnelles que nous leur transf\u00e9rons uniquement aux fins pour lesquelles elles ont \u00e9t\u00e9 transf\u00e9r\u00e9es et qu&rsquo;ils ne les conservent pas plus longtemps qu&rsquo;il n&rsquo;est n\u00e9cessaire pour atteindre lesdites fins.\n        \n\n           Nous pouvons \u00e9galement divulguer vos informations personnelles dans les cas suivants : (1) pour nous conformer \u00e0 la loi, \u00e0 la r\u00e9glementation, \u00e0 l&rsquo;ordonnance d&rsquo;un tribunal ou \u00e0 toute autre proc\u00e9dure judiciaire applicable ; (2) pour faire respecter les accords que vous avez conclus avec nous, y compris la pr\u00e9sente politique de confidentialit\u00e9 ; ou (3) pour r\u00e9pondre \u00e0 des plaintes selon lesquelles votre utilisation du service viole les droits d&rsquo;une tierce partie. Si le service ou notre soci\u00e9t\u00e9 est fusionn\u00e9 ou acquis par une autre soci\u00e9t\u00e9, vos informations seront l&rsquo;un des actifs transf\u00e9r\u00e9s au nouveau propri\u00e9taire.\n        \n<\/li>\n<li>\n<h2>\n             Conservation de vos informations :<br \/>\n        <\/h2>\n\n            Nous conserverons vos informations personnelles pendant 90 jours \u00e0 2 ans apr\u00e8s que les utilisateurs ont r\u00e9sili\u00e9 leur compte ou aussi longtemps que nous en aurons besoin pour atteindre les objectifs pour lesquels elles ont \u00e9t\u00e9 collect\u00e9es, comme indiqu\u00e9 dans la pr\u00e9sente politique de protection de la vie priv\u00e9e. Il se peut que nous devions conserver certaines informations pendant des p\u00e9riodes plus longues, par exemple pour la tenue de registres ou l&rsquo;\u00e9tablissement de rapports conform\u00e9ment \u00e0 la l\u00e9gislation applicable ou pour d&rsquo;autres raisons l\u00e9gitimes telles que l&rsquo;application de droits l\u00e9gaux, la pr\u00e9vention de la fraude, etc. Les informations anonymes r\u00e9siduelles et les informations agr\u00e9g\u00e9es, qui ne permettent pas de vous identifier (directement ou indirectement), peuvent \u00eatre stock\u00e9es ind\u00e9finiment.\n        \n<\/li>\n<li>\n<h2>\n            Vos droits:<br \/>\n        <\/h2>\n\n             En fonction de la l\u00e9gislation applicable, vous pouvez avoir un droit d&rsquo;acc\u00e8s et de rectification ou d&rsquo;effacement de vos donn\u00e9es \u00e0 caract\u00e8re personnel ou recevoir une copie de vos donn\u00e9es \u00e0 caract\u00e8re personnel, restreindre le traitement actif de vos donn\u00e9es ou vous y opposer, nous demander de partager (porter) vos donn\u00e9es \u00e0 caract\u00e8re personnel avec une autre entit\u00e9, retirer tout consentement que vous nous avez donn\u00e9 pour traiter vos donn\u00e9es, un droit de d\u00e9poser une plainte aupr\u00e8s d&rsquo;une autorit\u00e9 statutaire et tout autre droit pertinent en vertu de la l\u00e9gislation applicable. Pour exercer ces droits, vous pouvez nous \u00e9crire \u00e0 info@progelcanada.com. Nous r\u00e9pondrons \u00e0 votre demande conform\u00e9ment \u00e0 la l\u00e9gislation applicable.\n        \n\n            Vous pouvez refuser les communications de marketing direct ou le profilage que nous effectuons \u00e0 des fins de marketing en nous \u00e9crivant \u00e0 l&rsquo;adresse info@progelcanada.com.\n        \n\n            Veuillez noter que si vous ne nous autorisez pas \u00e0 collecter ou \u00e0 traiter les informations personnelles requises ou si vous retirez votre consentement au traitement de ces informations aux fins requises, il se peut que vous ne puissiez pas acc\u00e9der aux services pour lesquels vos informations ont \u00e9t\u00e9 demand\u00e9es, ni les utiliser.\n        \n<\/li>\n<li>\n<h2>\n            Cookies Etc.<br \/>\n        <\/h2>\n\n<style>\n    a.cky-banner-element {\n        padding: 8px 30px;\n        background: #F8F9FA;\n        color: #858A8F;\n        border: 1px solid #DEE2E6;\n        box-sizing: border-box;\n        border-radius: 2px;\n        cursor: pointer;\n}\n<\/style>\n<h1>Politique en mati\u00e8re de cookies<\/h1>\n\n    Date d&rsquo;entr\u00e9e en vigueur : 18-Oct-2023  <br \/>\n     Derni\u00e8re mise \u00e0 jour : 18-Oct-2023\n\n<p>&nbsp;<\/p>\n<h5>Que sont les cookies ? <\/h5>\n<p>La pr\u00e9sente politique en mati\u00e8re de cookies explique ce que sont les cookies et comment nous les utilisons, les types de cookies que nous utilisons, c&rsquo;est-\u00e0-dire les informations que nous recueillons \u00e0 l&rsquo;aide des cookies et la mani\u00e8re dont ces informations sont utilis\u00e9es, ainsi que la mani\u00e8re de g\u00e9rer les param\u00e8tres des cookies.<\/p>\n<p>Les cookies sont de petits fichiers texte utilis\u00e9s pour stocker de petits \u00e9l\u00e9ments d&rsquo;information. Ils sont stock\u00e9s sur votre appareil lorsque le site web est charg\u00e9 sur votre navigateur. Ces cookies nous aident \u00e0 faire fonctionner le site web correctement, \u00e0 le rendre plus s\u00fbr, \u00e0 offrir une meilleure exp\u00e9rience \u00e0 l&rsquo;utilisateur, \u00e0 comprendre comment le site web fonctionne et \u00e0 analyser ce qui fonctionne et ce qui doit \u00eatre am\u00e9lior\u00e9.<\/p>\n<p>&nbsp;<\/p>\n<h5>Comment utilisons-nous les cookies? <\/h5>\n<p>Comme la plupart des services en ligne, notre site web utilise des cookies de premi\u00e8re partie et de tierce partie \u00e0 plusieurs fins. Les cookies de premi\u00e8re partie sont essentiellement n\u00e9cessaires au bon fonctionnement du site web et ne collectent aucune donn\u00e9e personnelle permettant de vous identifier.<\/p>\n<p>Les cookies de tiers utilis\u00e9s sur notre site web servent principalement \u00e0 comprendre comment le site web fonctionne, comment vous interagissez avec notre site web, \u00e0 assurer la s\u00e9curit\u00e9 de nos services, \u00e0 fournir des publicit\u00e9s pertinentes pour vous et, dans l&rsquo;ensemble, \u00e0 vous offrir une exp\u00e9rience utilisateur meilleure et am\u00e9lior\u00e9e et \u00e0 acc\u00e9l\u00e9rer vos interactions futures avec notre site web.<\/p>\n<p>&nbsp;<\/p>\n<h5>Types de cookies que nous utilisons: <\/h5>\n<p>&nbsp;<\/p>\n<h5>G\u00e9rer les pr\u00e9f\u00e9rences en mati\u00e8re de cookies<\/h5>\n<p>    <a>Param\u00e8tres des cookies<\/a> <\/p>\n<p>Vous pouvez modifier vos pr\u00e9f\u00e9rences en mati\u00e8re de cookies \u00e0 tout moment en cliquant sur le bouton ci-dessus. Cela vous permettra de revenir \u00e0 la banni\u00e8re de consentement aux cookies et de modifier vos pr\u00e9f\u00e9rences ou de retirer votre consentement imm\u00e9diatement.<\/p>\n<p>En outre, les navigateurs proposent des m\u00e9thodes diff\u00e9rentes pour bloquer et supprimer les cookies utilis\u00e9s par les sites web. Vous pouvez modifier les param\u00e8tres de votre navigateur pour bloquer\/supprimer les cookies. Vous trouverez ci-dessous les liens vers les documents d&rsquo;assistance relatifs \u00e0 la gestion et \u00e0 la suppression des cookies des principaux navigateurs web.<\/p>\n<p>Chrome: <a href=\"https:\/\/support.google.com\/accounts\/answer\/32050\" target=\"_blank\" rel=\"noopener\">https:\/\/support.google.com\/accounts\/answer\/32050<\/a><\/p>\n<p>Safari: <a href=\"https:\/\/support.apple.com\/en-in\/guide\/safari\/sfri11471\/mac\" target=\"_blank\" rel=\"noopener\">https:\/\/support.apple.com\/en-in\/guide\/safari\/sfri11471\/mac<\/a><\/p>\n<p>Firefox: <a href=\"https:\/\/support.mozilla.org\/en-US\/kb\/clear-cookies-and-site-data-firefox?redirectslug=delete-cookies-remove-info-websites-stored&#038;redirectlocale=en-US\" target=\"_blank\" rel=\"noopener\">https:\/\/support.mozilla.org\/en-US\/kb\/clear-cookies-and-site-data-firefox?redirectslug=delete-cookies-remove-info-websites-stored&#038;redirectlocale=en-US<\/a><\/p>\n<p>Internet Explorer: <a href=\"https:\/\/support.microsoft.com\/en-us\/topic\/how-to-delete-cookie-files-in-internet-explorer-bca9446f-d873-78de-77ba-d42645fa52fc\" target=\"_blank\" rel=\"noopener\">https:\/\/support.microsoft.com\/en-us\/topic\/how-to-delete-cookie-files-in-internet-explorer-bca9446f-d873-78de-77ba-d42645fa52fc<\/a><\/p>\n<p>Si vous utilisez un autre navigateur web, veuillez consulter les documents d&rsquo;assistance officiels de votre navigateur.<\/p>\n<\/li>\n<li>\n<h2>\n            S\u00e9curit\u00e9:<br \/>\n        <\/h2>\n\n            La s\u00e9curit\u00e9 de vos informations est importante pour nous et nous utiliserons des mesures de s\u00e9curit\u00e9 raisonnables pour emp\u00eacher la perte, l&rsquo;utilisation abusive ou la modification non autoris\u00e9e de vos informations sous notre contr\u00f4le. Toutefois, compte tenu des risques inh\u00e9rents, nous ne pouvons pas garantir une s\u00e9curit\u00e9 absolue et, par cons\u00e9quent, nous ne pouvons pas assurer ou garantir la s\u00e9curit\u00e9 des informations que vous nous transmettez et vous le faites \u00e0 vos propres risques.\n        \n<\/li>\n<li>\n<h2>\n             Griefs \/ D\u00e9l\u00e9gu\u00e9 \u00e0 la protection des donn\u00e9es :<br \/>\n        <\/h2>\n\n           Si vous avez des questions ou des pr\u00e9occupations concernant le traitement de vos informations disponibles chez nous, vous pouvez envoyer un courriel \u00e0 notre responsable des griefs \u00e0 Josiane Perras, t\u00e9l\u00e9phone: 514 373-6269, courriel : info@progelcanada.com. Nous r\u00e9pondrons \u00e0 vos pr\u00e9occupations conform\u00e9ment \u00e0 la loi applicable.\n        \n<\/li>\n<\/ol>\n\n","protected":false},"excerpt":{"rendered":"<p>Politique de la vie priv\u00e9e Derni\u00e8re mise \u00e0 jour le 18-Oct-2023 Date d&rsquo;entr\u00e9e en vigueur 18-Oct-2023 Cette politique de confidentialit\u00e9&hellip;<\/p>\n","protected":false},"author":1,"featured_media":0,"parent":0,"menu_order":0,"comment_status":"closed","ping_status":"closed","template":"","meta":{"_monsterinsights_skip_tracking":false,"_monsterinsights_sitenote_active":false,"_monsterinsights_sitenote_note":"","_monsterinsights_sitenote_category":0,"footnotes":""},"class_list":["post-518","page","type-page","status-publish","hentry"],"_links":{"self":[{"href":"https:\/\/progelcanada.com\/fr\/wp-json\/wp\/v2\/pages\/518","targetHints":{"allow":["GET"]}}],"collection":[{"href":"https:\/\/progelcanada.com\/fr\/wp-json\/wp\/v2\/pages"}],"about":[{"href":"https:\/\/progelcanada.com\/fr\/wp-json\/wp\/v2\/types\/page"}],"author":[{"embeddable":true,"href":"https:\/\/progelcanada.com\/fr\/wp-json\/wp\/v2\/users\/1"}],"replies":[{"embeddable":true,"href":"https:\/\/progelcanada.com\/fr\/wp-json\/wp\/v2\/comments?post=518"}],"version-history":[{"count":2,"href":"https:\/\/progelcanada.com\/fr\/wp-json\/wp\/v2\/pages\/518\/revisions"}],"predecessor-version":[{"id":521,"href":"https:\/\/progelcanada.com\/fr\/wp-json\/wp\/v2\/pages\/518\/revisions\/521"}],"wp:attachment":[{"href":"https:\/\/progelcanada.com\/fr\/wp-json\/wp\/v2\/media?parent=518"}],"curies":[{"name":"wp","href":"https:\/\/api.w.org\/{rel}","templated":true}]}}